{"id":116,"date":"2013-01-06T01:29:56","date_gmt":"2013-01-06T00:29:56","guid":{"rendered":"http:\/\/www.adammarczak.com\/blog\/?page_id=116"},"modified":"2017-04-16T18:42:37","modified_gmt":"2017-04-16T17:42:37","slug":"bushcraft-survival","status":"publish","type":"page","link":"https:\/\/www.adammarczak.com\/blog\/bushcraft-survival\/","title":{"rendered":"Bushcraft &#038; Survival"},"content":{"rendered":"<p>Bushcraft i Survival czyli po polsku Puszcza\u0144stwo i Sztuka Przetrwania.<\/p>\n<p>Co to jest?<br \/>\nNajlepiej wpa\u015b\u0107 poczyta\u0107 na Wikipedii:<br \/>\n<a title=\"Wikipedia: Sztuka przetrwania\" href=\"http:\/\/pl.wikipedia.org\/wiki\/Sztuka_przetrwania\" target=\"_blank\">Survival &#8211; sztuka przetrwania<\/a><br \/>\nOpis Bushcraftu spolszczonego na Puszcza\u0144stwo na polskiej Wikipedii nie za bardzo przypada mi do gustu ale warto poczyta\u0107: <a title=\"Wikipedia: Puszcza\u0144stwo\" href=\"http:\/\/pl.wikipedia.org\/wiki\/Puszcza%C5%84stwo\" target=\"_blank\">Puszcza\u0144stwo<\/a> (prosz\u0119 nie myli\u0107 z puszczalstwem!)\u00a0 :)<br \/>\nZdecydowanie bardziej podoba mi si\u0119 opis Bushcraftu na angloj\u0119zycznej Wikipedii: <a title=\"Wikipedia: Bushcraft\" href=\"http:\/\/en.wikipedia.org\/wiki\/Bushcraft\" target=\"_blank\">Bushcraft [EN]<\/a><\/p>\n<p>W zasadzie tematy te s\u0105 i odr\u0119bne i po\u0142\u0105czone.\u00a0\u00a0\u00a0 :)<br \/>\nJak dla mnie jedno z drugim wsp\u00f3\u0142gra i si\u0119 nie gryzie. Postaram si\u0119 tu zamieszcza\u0107 ciekawe informacje, mo\u017ce relacje z bushcraftowych wypad\u00f3w.<\/p>\n<p><strong>Znani ludzie surwiwalu i bushcraftu.<\/strong><br \/>\nSurvival: <a title=\"Survival: Jacek Pa\u0142kiewicz\" href=\"http:\/\/www.palkiewicz.com\" target=\"_blank\">Jacek Pa\u0142kiewicz<\/a>, <a title=\"Survival: Bear Grylls\" href=\"http:\/\/www.beargrylls.com\/\" target=\"_blank\">Bear Grylls<\/a><br \/>\nBushcraft: <a title=\"Bushcraft: Mors Kochanski\" href=\"http:\/\/en.wikipedia.org\/wiki\/Mors_Kochanski\" target=\"_blank\">Mors Kochanski<\/a>, <a title=\"Bushcraft: Ray Mears\" href=\"http:\/\/www.raymears.com\/\" target=\"_blank\">Ray Mears<\/a><\/p>\n<p>Na pierwszy ogie\u0144:<br \/>\n<a title=\"Survival Kit\" href=\"http:\/\/www.adammarczak.com\/blog\/survival-kit-zestaw-przetrwania\/\"><strong>Survival Kit czyli Zestaw Przetrwania<\/strong><\/a><\/p>\n<p>Wi\u0119cej tutaj:<\/p>\n<p style=\"text-align: center;\"><a title=\"Bushcraft &amp; Survival Skills - strona, forum, sklep\" href=\"http:\/\/www.bushcraftpl.com\/_static\/graf\/bcpl_logos\/bushcraftpl_com_logo_4_1_400.png\" target=\"_blank\"><img decoding=\"async\" class=\"aligncenter\" style=\"border: 0px none;\" src=\"http:\/\/www.bushcraftpl.com\/_static\/graf\/bcpl_logos\/bushcraftpl_com_logo_4_1_400.png\" alt=\"\" \/><\/a><\/p>\n<p>&nbsp;<\/p>\n<p>&nbsp;<\/p>\n<p>&nbsp;<\/p>\n<p>&nbsp;<\/p>\n<p>&nbsp;<\/p>\n","protected":false},"excerpt":{"rendered":"<p>Bushcraft i Survival czyli po polsku Puszcza\u0144stwo i Sztuka Przetrwania. Co to jest? Najlepiej wpa\u015b\u0107 poczyta\u0107 na Wikipedii: Survival &#8211; sztuka przetrwania Opis Bushcraftu spolszczonego na Puszcza\u0144stwo na polskiej Wikipedii nie za bardzo przypada mi do gustu ale warto poczyta\u0107: Puszcza\u0144stwo (prosz\u0119 nie myli\u0107 z puszczalstwem!)\u00a0 :) Zdecydowanie bardziej podoba mi si\u0119 opis Bushcraftu na [&hellip;]<\/p>\n","protected":false},"author":1,"featured_media":0,"parent":0,"menu_order":1,"comment_status":"closed","ping_status":"open","template":"","meta":{"footnotes":""},"class_list":["post-116","page","type-page","status-publish","hentry"],"_links":{"self":[{"href":"https:\/\/www.adammarczak.com\/blog\/wp-json\/wp\/v2\/pages\/116","targetHints":{"allow":["GET"]}}],"collection":[{"href":"https:\/\/www.adammarczak.com\/blog\/wp-json\/wp\/v2\/pages"}],"about":[{"href":"https:\/\/www.adammarczak.com\/blog\/wp-json\/wp\/v2\/types\/page"}],"author":[{"embeddable":true,"href":"https:\/\/www.adammarczak.com\/blog\/wp-json\/wp\/v2\/users\/1"}],"replies":[{"embeddable":true,"href":"https:\/\/www.adammarczak.com\/blog\/wp-json\/wp\/v2\/comments?post=116"}],"version-history":[{"count":2,"href":"https:\/\/www.adammarczak.com\/blog\/wp-json\/wp\/v2\/pages\/116\/revisions"}],"predecessor-version":[{"id":924,"href":"https:\/\/www.adammarczak.com\/blog\/wp-json\/wp\/v2\/pages\/116\/revisions\/924"}],"wp:attachment":[{"href":"https:\/\/www.adammarczak.com\/blog\/wp-json\/wp\/v2\/media?parent=116"}],"curies":[{"name":"wp","href":"https:\/\/api.w.org\/{rel}","templated":true}]}}