{"id":277,"date":"2013-01-28T12:54:59","date_gmt":"2013-01-28T11:54:59","guid":{"rendered":"http:\/\/www.adammarczak.com\/blog\/?page_id=277"},"modified":"2017-03-06T08:06:48","modified_gmt":"2017-03-06T07:06:48","slug":"kontakt","status":"publish","type":"page","link":"https:\/\/www.adammarczak.com\/blog\/kontakt\/","title":{"rendered":"Kontakt"},"content":{"rendered":"<p>Moje dane kontaktowe:<\/p>\n<p style=\"padding-left: 90px;\">Adam Marczak<\/p>\n<p style=\"padding-left: 90px;\">tel. +48 <strong>604 321 777<br \/>\n<\/strong>e-mail: <a href=\"mailto:mail@AdamMarczak.com\"><strong>mail@AdamMarczak.com<\/strong><\/a><\/p>\n<p style=\"padding-left: 90px;\"><!-- start gg-widget-html - Copyright Xevin Consulting Limited --><br \/>\n<a style=\"background: linear-gradient(#f0f0f0 0%, #d2d2d2 100%); color: #444; font-family: Arial, sans-serif; font-size: 14px; font-weight: normal; text-decoration: none; text-align: left; box-shadow: 0px 2px 8px 0px rgba(50, 50, 50, 0.6); -webkit-box-shadow: 0px 2px 8px 0px rgba(50, 50, 50, 0.6); -moz-box-shadow: 0px 2px 8px 0px rgba(50, 50, 50, 0.6); border-radius: 2px; -webkit-border-radius: 2px; display: block; padding: 2px; width: 300px;\" href=\"\/\/widget.gg.pl\/widget\/26ea17cef2957e8659e5a293d615ca4505a0ef9718ba32405d1e8bea7d31ed74#uin%3D63140%7Cmsg_online%3DZostaw%20wiadomo%C5%9B%C4%87%20i%20informacje%20kontaktowe...%7Cmsg_offline%3DZostaw%20wiadomo%C5%9B%C4%87%20i%20informacje%20kontaktowe...%7Chash%3D26ea17cef2957e8659e5a293d615ca4505a0ef9718ba32405d1e8bea7d31ed74\" target=\"_blank\" rel=\"nofollow\" data-gg-widget=\"normal-bottom\"><br \/>\n<span style=\"display: block; padding: 10px 8px; line-height: 18px;\"><br \/>\n<img decoding=\"async\" style=\"float: left; padding-right: 8px;\" src=\"https:\/\/status.gadu-gadu.pl\/users\/status.asp?id=63140&amp;styl=1&amp;source=widget\" alt=\"\" \/>GG kontakt On-Line<\/span><br \/>\n<span style=\"background: #fff; color: #888; display: block; line-height: 40px; padding-left: 12px; box-shadow: 0px 1px 1px 0px #bbb inset; -webkit-box-shadow: 0px 1px 1px 0px #bbb inset; -moz-box-shadow: 0px 1px 1px 0px #bbb inset;\">Napisz&#8230;<br \/>\n<span style=\"background: linear-gradient(#66c321 0%, #4ca70a 100%); border-radius: 3px; border-top: 1px solid #86e923; border-bottom: 1px solid #397b08; -webkit-border-radius: 3px; color: #fff; display: block; float: right; font-size: 12px; line-height: 22px; margin: 9px; padding: 0 10px; text-align: center;\">Wy\u015blij<\/span><br \/>\n<\/span><br \/>\n<\/a><!-- Chcesz mie\u0107 GG widget na swojej stronie? Sprawd\u017a http:\/\/www.gg.pl\/info\/komunikator-na-twoja-strone\/ --><br \/>\n<!-- end gg-widget-html --><\/p>\n<p><!-- start gg-widget-javascript - kod javascript mo\u017cesz umie\u015bci\u0107 przed ko\u0144cowym znacznikiem body - Copyright Xevin Consulting Limited --><br \/>\n<script type=\"text\/javascript\">\n(function() {\n    var s = document.createElement('script'); s.type = 'text\/javascript'; s.async = true; s.id = 'gg-widget-script';\n    s.src = '\/\/widget.gg.pl\/resources\/js\/widget.js';\n    var ss = document.getElementsByTagName('script')[0]; ss.parentNode.insertBefore(s, ss); })();\n<\/script><br \/>\n<!-- end gg-widget-javascript --><\/p>\n","protected":false},"excerpt":{"rendered":"<p>Moje dane kontaktowe: Adam Marczak tel. +48 604 321 777 e-mail: mail@AdamMarczak.com GG kontakt On-Line Napisz&#8230; Wy\u015blij<\/p>\n","protected":false},"author":1,"featured_media":0,"parent":0,"menu_order":30,"comment_status":"closed","ping_status":"open","template":"","meta":{"footnotes":""},"class_list":["post-277","page","type-page","status-publish","hentry"],"_links":{"self":[{"href":"https:\/\/www.adammarczak.com\/blog\/wp-json\/wp\/v2\/pages\/277","targetHints":{"allow":["GET"]}}],"collection":[{"href":"https:\/\/www.adammarczak.com\/blog\/wp-json\/wp\/v2\/pages"}],"about":[{"href":"https:\/\/www.adammarczak.com\/blog\/wp-json\/wp\/v2\/types\/page"}],"author":[{"embeddable":true,"href":"https:\/\/www.adammarczak.com\/blog\/wp-json\/wp\/v2\/users\/1"}],"replies":[{"embeddable":true,"href":"https:\/\/www.adammarczak.com\/blog\/wp-json\/wp\/v2\/comments?post=277"}],"version-history":[{"count":4,"href":"https:\/\/www.adammarczak.com\/blog\/wp-json\/wp\/v2\/pages\/277\/revisions"}],"predecessor-version":[{"id":874,"href":"https:\/\/www.adammarczak.com\/blog\/wp-json\/wp\/v2\/pages\/277\/revisions\/874"}],"wp:attachment":[{"href":"https:\/\/www.adammarczak.com\/blog\/wp-json\/wp\/v2\/media?parent=277"}],"curies":[{"name":"wp","href":"https:\/\/api.w.org\/{rel}","templated":true}]}}