{"id":98,"date":"2013-01-04T21:42:51","date_gmt":"2013-01-04T20:42:51","guid":{"rendered":"http:\/\/www.adammarczak.com\/blog\/?page_id=98"},"modified":"2013-12-25T00:11:19","modified_gmt":"2013-12-24T23:11:19","slug":"survival-kit-zestaw-przetrwania","status":"publish","type":"page","link":"https:\/\/www.adammarczak.com\/blog\/bushcraft-survival\/survival-kit-zestaw-przetrwania\/","title":{"rendered":"Survival Kit"},"content":{"rendered":"<p>Wi\u0119cej tutaj:<\/p>\n<p style=\"text-align: center;\"><a title=\"Bushcraft &amp; Survival Skills - strona, forum, sklep\" href=\"http:\/\/www.bushcraftpl.com\/_static\/graf\/bcpl_logos\/bushcraftpl_com_logo_4_1_400.png\" target=\"_blank\"><img loading=\"lazy\" decoding=\"async\" class=\"aligncenter\" alt=\"\" src=\"http:\/\/www.bushcraftpl.com\/_static\/graf\/bcpl_logos\/bushcraftpl_com_logo_4_1_400.png\" width=\"400\" height=\"89\" \/><\/a><\/p>\n<p>Survival kit &#8211; zestaw przetrwania &#8211; co\u015b co warto mie\u0107 zawsze przy sobie &#8222;na wszelki wypadek&#8221;. Komplet ten mo\u017ce te\u017c z powodzeniem s\u0142u\u017cy\u0107 jako zestaw EDC i w moim przypadku to si\u0119 sprawdza.<\/p>\n<p>Typowy survival kit to zestaw przedmiot\u00f3w, kt\u00f3re mog\u0105 u\u0142atwi\u0107 prze\u017cycie w ekstremalnie trudnej sytuacji takiej jak np. zgubienie si\u0119 na pustkowiu, utkni\u0119cie w g\u00f3rach w trudnych warunkach pogodowych, itp. Zestaw taki mo\u017ce si\u0119 sk\u0142ada\u0107 z kilku do kilkudziesi\u0119ciu przedmiot\u00f3w.<br \/>\nDla mnie absolutnym minimum s\u0105: n\u00f3\u017c oraz krzesiwo.<\/p>\n<p>Opisywany zestaw skompletowa\u0142em samodzielnie i szczerze polecam takie rozwi\u0105zanie. Wi\u0119kszo\u015b\u0107 dost\u0119pnych na rynku gotowych zestaw\u00f3w survivalowych to kompletna tandeta.<\/p>\n<p>&nbsp;<\/p>\n<p><strong>Wyposa\u017cenie zestawu przetrwania.<\/strong><\/p>\n<p>M\u00f3j Survival Kit to w zasadzie dwie cz\u0119\u015bci: <a title=\"Survival Kit\" href=\"#survival_kit\">zestaw przetrwania<\/a> i <a title=\"Apteczka\" href=\"#apteczka\">apteczka<\/a>.<\/p>\n<p><a name=\"survival_kit\"><\/a><\/p>\n<h2><strong>SURVIVAL KIT<\/strong><\/h2>\n<table style=\"width: 600px; height: 100px;\" border=\"0\" cellspacing=\"1\" cellpadding=\"1\" align=\"center\">\n<tbody>\n<tr>\n<td align=\"center\" valign=\"middle\"><a href=\"http:\/\/adammarczak.com\/_static\/foto\/bushcraft_survival\/survival_kit_zestaw_przetrwania\/survival_kit_zestaw_przetrwania_0001.jpg\"><img loading=\"lazy\" decoding=\"async\" class=\" \" alt=\"Survival Kit - Zestaw Przetrwania\" src=\"http:\/\/adammarczak.com\/_static\/foto\/bushcraft_survival\/survival_kit_zestaw_przetrwania\/survival_kit_zestaw_przetrwania_ik_0001.jpg\" width=\"141\" height=\"210\" \/><\/a><\/td>\n<td align=\"center\" valign=\"middle\"><a href=\"http:\/\/adammarczak.com\/_static\/foto\/bushcraft_survival\/survival_kit_zestaw_przetrwania\/survival_kit_zestaw_przetrwania_0002.jpg\"><img loading=\"lazy\" decoding=\"async\" alt=\"Survival Kit - Zestaw Przetrwania\" src=\"http:\/\/adammarczak.com\/_static\/foto\/bushcraft_survival\/survival_kit_zestaw_przetrwania\/survival_kit_zestaw_przetrwania_ik_0002.jpg\" width=\"141\" height=\"210\" \/><\/a><\/td>\n<td align=\"center\" valign=\"middle\"><a href=\"http:\/\/adammarczak.com\/_static\/foto\/bushcraft_survival\/survival_kit_zestaw_przetrwania\/survival_kit_zestaw_przetrwania_0003.jpg\"><img loading=\"lazy\" decoding=\"async\" alt=\"Survival Kit - Zestaw Przetrwania\" src=\"http:\/\/adammarczak.com\/_static\/foto\/bushcraft_survival\/survival_kit_zestaw_przetrwania\/survival_kit_zestaw_przetrwania_ik_0003.jpg\" width=\"210\" height=\"141\" \/><\/a><\/td>\n<\/tr>\n<\/tbody>\n<\/table>\n<p>Zawarto\u015b\u0107 zestawu surwiwalowego mo\u017cemy przechowywa\u0107 w ma\u0142ej torbie, kieszeni czy w metalowym czy plastikowym pude\u0142ku.<br \/>\nJa sw\u00f3j survival kit przechowuj\u0119 w organizerze z cordury kt\u00f3ry ma mo\u017cliwo\u015b\u0107 troczenia do torby czy plecaka w systemie molle. Organizer mog\u0119 te\u017c przypi\u0105\u0107 do paska. Z regu\u0142y m\u00f3j zestaw l\u0105duje w torbie z laptopem, kt\u00f3r\u0105 niemal codziennie ze sob\u0105 targam lub w plecaku w przypadku kiedy szw\u0119dam si\u0119 gdzie\u015b w terenie.<\/p>\n<table style=\"width: 600px; height: 100px;\" border=\"0\" cellspacing=\"1\" cellpadding=\"1\" align=\"center\">\n<tbody>\n<tr>\n<td style=\"text-align: left;\"><a href=\"http:\/\/adammarczak.com\/_static\/foto\/bushcraft_survival\/survival_kit_zestaw_przetrwania\/survival_kit_zestaw_przetrwania_0004.jpg\"><img loading=\"lazy\" decoding=\"async\" alt=\"Survival Kit - Zestaw Przetrwania\" src=\"http:\/\/adammarczak.com\/_static\/foto\/bushcraft_survival\/survival_kit_zestaw_przetrwania\/survival_kit_zestaw_przetrwania_ik_0004.jpg\" width=\"210\" height=\"141\" \/><\/a><\/td>\n<td style=\"text-align: left;\"><a href=\"http:\/\/adammarczak.com\/_static\/foto\/bushcraft_survival\/survival_kit_zestaw_przetrwania\/survival_kit_zestaw_przetrwania_0005.jpg\"><img loading=\"lazy\" decoding=\"async\" alt=\"Survival Kit - Zestaw Przetrwania\" src=\"http:\/\/adammarczak.com\/_static\/foto\/bushcraft_survival\/survival_kit_zestaw_przetrwania\/survival_kit_zestaw_przetrwania_ik_0005.jpg\" width=\"210\" height=\"141\" \/><\/a><\/td>\n<\/tr>\n<\/tbody>\n<\/table>\n<p><strong>01. N\u00f3\u017c<\/strong><br \/>\nN\u00f3\u017c &#8211; jedno z najwa\u017cniejszych narz\u0119dzi, kt\u00f3re powinni\u015bmy posiada\u0107. N\u00f3\u017c musi by\u0107 wykonany z dobrej stali i by\u0107 ostry.<\/p>\n<p>&nbsp;<\/p>\n<table style=\"width: 600px; height: 100px;\" border=\"0\" cellspacing=\"1\" cellpadding=\"1\" align=\"center\">\n<tbody>\n<tr>\n<td style=\"text-align: left;\"><a href=\"http:\/\/adammarczak.com\/_static\/foto\/bushcraft_survival\/survival_kit_zestaw_przetrwania\/survival_kit_zestaw_przetrwania_0006.jpg\"><img loading=\"lazy\" decoding=\"async\" alt=\"Survival Kit - Zestaw Przetrwania\" src=\"http:\/\/adammarczak.com\/_static\/foto\/bushcraft_survival\/survival_kit_zestaw_przetrwania\/survival_kit_zestaw_przetrwania_ik_0006.jpg\" width=\"210\" height=\"141\" \/><\/a><\/td>\n<td style=\"text-align: left;\"><a href=\"http:\/\/adammarczak.com\/_static\/foto\/bushcraft_survival\/survival_kit_zestaw_przetrwania\/survival_kit_zestaw_przetrwania_0007.jpg\"><img loading=\"lazy\" decoding=\"async\" alt=\"Survival Kit - Zestaw Przetrwania\" src=\"http:\/\/adammarczak.com\/_static\/foto\/bushcraft_survival\/survival_kit_zestaw_przetrwania\/survival_kit_zestaw_przetrwania_ik_0007.jpg\" width=\"210\" height=\"141\" \/><\/a><\/td>\n<\/tr>\n<\/tbody>\n<\/table>\n<p><strong>02. Ma\u0142y multi-tool<\/strong><br \/>\nNarz\u0119dzie &#8222;do wszystkiego&#8221;.<\/p>\n<p>&nbsp;<\/p>\n<table border=\"0\" cellspacing=\"1\" cellpadding=\"1\" align=\"center\">\n<tbody>\n<tr>\n<td><a href=\"http:\/\/adammarczak.com\/_static\/foto\/bushcraft_survival\/survival_kit_zestaw_przetrwania\/survival_kit_zestaw_przetrwania_0008.jpg\"><img loading=\"lazy\" decoding=\"async\" alt=\"Survival Kit - Zestaw Przetrwania\" src=\"http:\/\/adammarczak.com\/_static\/foto\/bushcraft_survival\/survival_kit_zestaw_przetrwania\/survival_kit_zestaw_przetrwania_ik_0008.jpg\" width=\"210\" height=\"141\" \/><\/a><\/td>\n<td><\/td>\n<\/tr>\n<\/tbody>\n<\/table>\n<p><strong>03. Zapalniczka<\/strong><br \/>\nDo rozpalenia ognia.<\/p>\n<p>&nbsp;<\/p>\n<table border=\"0\" cellspacing=\"1\" cellpadding=\"1\" align=\"center\">\n<tbody>\n<tr>\n<td><a href=\"http:\/\/adammarczak.com\/_static\/foto\/bushcraft_survival\/survival_kit_zestaw_przetrwania\/survival_kit_zestaw_przetrwania_0009.jpg\"><img loading=\"lazy\" decoding=\"async\" alt=\"Survival Kit - Zestaw Przetrwania\" src=\"http:\/\/adammarczak.com\/_static\/foto\/bushcraft_survival\/survival_kit_zestaw_przetrwania\/survival_kit_zestaw_przetrwania_ik_0009.jpg\" width=\"210\" height=\"141\" \/><\/a><\/td>\n<td><\/td>\n<\/tr>\n<\/tbody>\n<\/table>\n<p><strong>04. Krzesiwo<\/strong><br \/>\nDo rozpalenia ognia w razie gdyby\u015bmy podtopili zestaw.<\/p>\n<p>&nbsp;<\/p>\n<table border=\"0\" cellspacing=\"1\" cellpadding=\"1\" align=\"center\">\n<tbody>\n<tr>\n<td><a href=\"http:\/\/adammarczak.com\/_static\/foto\/bushcraft_survival\/survival_kit_zestaw_przetrwania\/survival_kit_zestaw_przetrwania_0010.jpg\"><img loading=\"lazy\" decoding=\"async\" alt=\"Survival Kit - Zestaw Przetrwania\" src=\"http:\/\/adammarczak.com\/_static\/foto\/bushcraft_survival\/survival_kit_zestaw_przetrwania\/survival_kit_zestaw_przetrwania_ik_0010.jpg\" width=\"210\" height=\"141\" \/><\/a><\/td>\n<td><a href=\"http:\/\/adammarczak.com\/_static\/foto\/bushcraft_survival\/survival_kit_zestaw_przetrwania\/survival_kit_zestaw_przetrwania_0011.jpg\"><img loading=\"lazy\" decoding=\"async\" alt=\"Survival Kit - Zestaw Przetrwania\" src=\"http:\/\/adammarczak.com\/_static\/foto\/bushcraft_survival\/survival_kit_zestaw_przetrwania\/survival_kit_zestaw_przetrwania_ik_0011.jpg\" width=\"210\" height=\"141\" \/><\/a><\/td>\n<\/tr>\n<\/tbody>\n<\/table>\n<p><strong>05. Zapa\u0142ki<\/strong><br \/>\nDo rozpalenia ognia. Ja u\u017cywam &#8222;podrasowanych&#8221; zapa\u0142ek, kt\u00f3re s\u0142u\u017c\u0105 r\u00f3wnie\u017c jako podpa\u0142ka.<br \/>\nPlusem jest te\u017c to, \u017ce s\u0105 wodoodporne.<\/p>\n<p>&nbsp;<\/p>\n<table border=\"0\" cellspacing=\"1\" cellpadding=\"1\" align=\"center\">\n<tbody>\n<tr>\n<td><a href=\"http:\/\/adammarczak.com\/_static\/foto\/bushcraft_survival\/survival_kit_zestaw_przetrwania\/survival_kit_zestaw_przetrwania_0012.jpg\"><img loading=\"lazy\" decoding=\"async\" alt=\"Survival Kit - Zestaw Przetrwania\" src=\"http:\/\/adammarczak.com\/_static\/foto\/bushcraft_survival\/survival_kit_zestaw_przetrwania\/survival_kit_zestaw_przetrwania_ik_0012.jpg\" width=\"210\" height=\"141\" \/><\/a><\/td>\n<td><\/td>\n<\/tr>\n<\/tbody>\n<\/table>\n<p><strong>06. Tampon<\/strong><br \/>\nPodpa\u0142ka. Bardzo dobra podpa\u0142ka. Tampon to nic innego jak &#8222;skondensowana&#8221;, spora ilo\u015b\u0107 waty bawe\u0142nianej, kt\u00f3ra jest \u015bwietnym materia\u0142em na podpa\u0142k\u0119.<br \/>\nDobrze jest zapomnie\u0107 o tym do czego ten przedmiot standardowo jest przeznaczony.\u00a0\u00a0 :)<\/p>\n<p>&nbsp;<\/p>\n<table border=\"0\" cellspacing=\"1\" cellpadding=\"1\" align=\"center\">\n<tbody>\n<tr>\n<td><a href=\"http:\/\/adammarczak.com\/_static\/foto\/bushcraft_survival\/survival_kit_zestaw_przetrwania\/survival_kit_zestaw_przetrwania_0013.jpg\"><img loading=\"lazy\" decoding=\"async\" alt=\"Survival Kit - Zestaw Przetrwania\" src=\"http:\/\/adammarczak.com\/_static\/foto\/bushcraft_survival\/survival_kit_zestaw_przetrwania\/survival_kit_zestaw_przetrwania_ik_0013.jpg\" width=\"210\" height=\"141\" \/><\/a><\/td>\n<td><\/td>\n<\/tr>\n<\/tbody>\n<\/table>\n<p><strong>07. Ma\u0142a latarka diodowa<\/strong><br \/>\n\u0179r\u00f3d\u0142o \u015bwiat\u0142a.<\/p>\n<p>&nbsp;<\/p>\n<table border=\"0\" cellspacing=\"1\" cellpadding=\"1\" align=\"center\">\n<tbody>\n<tr>\n<td><a href=\"http:\/\/adammarczak.com\/_static\/foto\/bushcraft_survival\/survival_kit_zestaw_przetrwania\/survival_kit_zestaw_przetrwania_0014.jpg\"><img loading=\"lazy\" decoding=\"async\" alt=\"Survival Kit - Zestaw Przetrwania\" src=\"http:\/\/adammarczak.com\/_static\/foto\/bushcraft_survival\/survival_kit_zestaw_przetrwania\/survival_kit_zestaw_przetrwania_ik_0014.jpg\" width=\"210\" height=\"141\" \/><\/a><\/td>\n<td><\/td>\n<\/tr>\n<\/tbody>\n<\/table>\n<p><strong>08. Paracord, linka, drut, gruba \u017cy\u0142ka<\/strong><br \/>\nDo napraw sprz\u0119tu czy odzie\u017cy, do budowania pu\u0142apek na zwierz\u0119ta. W moim zestawie jest obecnie kilka metr\u00f3w bardzo cienkiej (ok. 0.25mm) stalowej linki.<\/p>\n<p>&nbsp;<\/p>\n<table border=\"0\" cellspacing=\"1\" cellpadding=\"1\" align=\"center\">\n<tbody>\n<tr>\n<td><a href=\"http:\/\/adammarczak.com\/_static\/foto\/bushcraft_survival\/survival_kit_zestaw_przetrwania\/survival_kit_zestaw_przetrwania_0015.jpg\"><img loading=\"lazy\" decoding=\"async\" alt=\"Survival Kit - Zestaw Przetrwania\" src=\"http:\/\/adammarczak.com\/_static\/foto\/bushcraft_survival\/survival_kit_zestaw_przetrwania\/survival_kit_zestaw_przetrwania_ik_0015.jpg\" width=\"210\" height=\"141\" \/><\/a><\/td>\n<td><\/td>\n<\/tr>\n<\/tbody>\n<\/table>\n<p><strong>09. Ig\u0142a i nitka<\/strong><br \/>\nNaprawa odzie\u017cy, sprz\u0119tu.<\/p>\n<p>&nbsp;<\/p>\n<table border=\"0\" cellspacing=\"1\" cellpadding=\"1\" align=\"center\">\n<tbody>\n<tr>\n<td><a href=\"http:\/\/adammarczak.com\/_static\/foto\/bushcraft_survival\/survival_kit_zestaw_przetrwania\/survival_kit_zestaw_przetrwania_0016.jpg\"><img loading=\"lazy\" decoding=\"async\" alt=\"Survival Kit - Zestaw Przetrwania\" src=\"http:\/\/adammarczak.com\/_static\/foto\/bushcraft_survival\/survival_kit_zestaw_przetrwania\/survival_kit_zestaw_przetrwania_ik_0016.jpg\" width=\"210\" height=\"141\" \/><\/a><\/td>\n<td><\/td>\n<\/tr>\n<\/tbody>\n<\/table>\n<p><strong>10. Notatnik<\/strong><br \/>\nDo notatek, zapisywania i pozostawiania informacji, itp.<\/p>\n<p>&nbsp;<\/p>\n<table border=\"0\" cellspacing=\"1\" cellpadding=\"1\" align=\"center\">\n<tbody>\n<tr>\n<td><a href=\"http:\/\/adammarczak.com\/_static\/foto\/bushcraft_survival\/survival_kit_zestaw_przetrwania\/survival_kit_zestaw_przetrwania_0017.jpg\"><img loading=\"lazy\" decoding=\"async\" alt=\"Survival Kit - Zestaw Przetrwania\" src=\"http:\/\/adammarczak.com\/_static\/foto\/bushcraft_survival\/survival_kit_zestaw_przetrwania\/survival_kit_zestaw_przetrwania_ik_0017.jpg\" width=\"210\" height=\"141\" \/><\/a><\/td>\n<td><\/td>\n<\/tr>\n<\/tbody>\n<\/table>\n<p><strong>11. D\u0142ugopis, o\u0142\u00f3wek<\/strong><br \/>\nJak wy\u017cej. U mnie obecnie o\u0142\u00f3wek ze znanej sieci sprzedaj\u0105cej tanie meble.\u00a0 :)<\/p>\n<p>&nbsp;<\/p>\n<table border=\"0\" cellspacing=\"1\" cellpadding=\"1\" align=\"center\">\n<tbody>\n<tr>\n<td><a href=\"http:\/\/adammarczak.com\/_static\/foto\/bushcraft_survival\/survival_kit_zestaw_przetrwania\/survival_kit_zestaw_przetrwania_0018.jpg\"><img loading=\"lazy\" decoding=\"async\" alt=\"Survival Kit - Zestaw Przetrwania\" src=\"http:\/\/adammarczak.com\/_static\/foto\/bushcraft_survival\/survival_kit_zestaw_przetrwania\/survival_kit_zestaw_przetrwania_ik_0018.jpg\" width=\"210\" height=\"141\" \/><\/a><\/td>\n<td><\/td>\n<\/tr>\n<\/tbody>\n<\/table>\n<p><strong>12. Prezerwatywa<\/strong><br \/>\nAwaryjny pojemnik na wod\u0119. W prezerwatywie spokojnie zmie\u015bcimy bez problemu 2 litry wody, a nawet wi\u0119cej. Podobnie jak w przypadku tamponu nale\u017cy zapomnie\u0107 o w\u0142a\u015bciwym przeznaczeniu tego przedmiotu.<\/p>\n<p><a name=\"apteczka\"><\/a><\/p>\n<h2><strong>APTECZKA<\/strong><\/h2>\n<table border=\"0\" cellspacing=\"1\" cellpadding=\"1\" align=\"center\">\n<tbody>\n<tr>\n<td align=\"center\" valign=\"middle\"><a href=\"http:\/\/adammarczak.com\/_static\/foto\/bushcraft_survival\/survival_kit_zestaw_przetrwania\/survival_apteczka_0001.jpg\"><img decoding=\"async\" alt=\"Survival Kit - Zestaw Przetrwania\" src=\"http:\/\/adammarczak.com\/_static\/foto\/bushcraft_survival\/survival_kit_zestaw_przetrwania\/survival_apteczka_ik_0001.jpg\" \/><\/a><\/td>\n<td align=\"center\" valign=\"middle\"><a href=\"http:\/\/adammarczak.com\/_static\/foto\/bushcraft_survival\/survival_kit_zestaw_przetrwania\/survival_apteczka_0002.jpg\"><img loading=\"lazy\" decoding=\"async\" alt=\"Survival Kit - Zestaw Przetrwania\" src=\"http:\/\/adammarczak.com\/_static\/foto\/bushcraft_survival\/survival_kit_zestaw_przetrwania\/survival_apteczka_ik_0002.jpg\" width=\"210\" height=\"141\" \/><\/a><\/td>\n<td align=\"center\" valign=\"middle\"><a href=\"http:\/\/adammarczak.com\/_static\/foto\/bushcraft_survival\/survival_kit_zestaw_przetrwania\/survival_apteczka_0003.jpg\"><img loading=\"lazy\" decoding=\"async\" alt=\"Survival Kit - Zestaw Przetrwania\" src=\"http:\/\/adammarczak.com\/_static\/foto\/bushcraft_survival\/survival_kit_zestaw_przetrwania\/survival_apteczka_ik_0003.jpg\" width=\"210\" height=\"141\" \/><\/a><\/td>\n<\/tr>\n<\/tbody>\n<\/table>\n<p>Podobnie jak zestaw przetrwania za apteczk\u0119 mo\u017ce s\u0142u\u017cy\u0107 blaszane pude\u0142ko, ma\u0142a torebka, czy organizer. Ja zawarto\u015b\u0107 apteczki przechowuj\u0119 w kieszeni z systemem mocowania molle. Podobnie jak survival kit apteczk\u0119 mam zawsze przy sobie.<\/p>\n<table border=\"0\" cellspacing=\"1\" cellpadding=\"1\" align=\"center\">\n<tbody>\n<tr>\n<td align=\"center\" valign=\"middle\"><a href=\"http:\/\/adammarczak.com\/_static\/foto\/bushcraft_survival\/survival_kit_zestaw_przetrwania\/survival_apteczka_0004.jpg\"><img loading=\"lazy\" decoding=\"async\" alt=\"Survival Kit - Zestaw Przetrwania\" src=\"http:\/\/adammarczak.com\/_static\/foto\/bushcraft_survival\/survival_kit_zestaw_przetrwania\/survival_apteczka_ik_0004.jpg\" width=\"210\" height=\"141\" \/><\/a><\/td>\n<td align=\"center\" valign=\"middle\"><\/td>\n<td align=\"center\" valign=\"middle\"><\/td>\n<\/tr>\n<\/tbody>\n<\/table>\n<p><strong>01. Plastry samoprzylepne<\/strong><br \/>\nOpatrywanie skalecze\u0144, ma\u0142ych ran.<\/p>\n<p>&nbsp;<\/p>\n<table border=\"0\" cellspacing=\"1\" cellpadding=\"1\" align=\"center\">\n<tbody>\n<tr>\n<td align=\"center\" valign=\"middle\"><a href=\"http:\/\/adammarczak.com\/_static\/foto\/bushcraft_survival\/survival_kit_zestaw_przetrwania\/survival_apteczka_0005.jpg\"><img loading=\"lazy\" decoding=\"async\" alt=\"Survival Kit - Zestaw Przetrwania\" src=\"http:\/\/adammarczak.com\/_static\/foto\/bushcraft_survival\/survival_kit_zestaw_przetrwania\/survival_apteczka_ik_0005.jpg\" width=\"210\" height=\"141\" \/><\/a><\/td>\n<td align=\"center\" valign=\"middle\"><\/td>\n<td align=\"center\" valign=\"middle\"><\/td>\n<\/tr>\n<\/tbody>\n<\/table>\n<p><strong>02. Ta\u015bma\/przylepiec tkaninowy<\/strong><br \/>\nOpatrywanie ran, prowizoryczne naprawy sprz\u0119tu.<\/p>\n<p>&nbsp;<\/p>\n<table border=\"0\" cellspacing=\"1\" cellpadding=\"1\" align=\"center\">\n<tbody>\n<tr>\n<td align=\"center\" valign=\"middle\"><a href=\"http:\/\/adammarczak.com\/_static\/foto\/bushcraft_survival\/survival_kit_zestaw_przetrwania\/survival_apteczka_0006.jpg\"><img loading=\"lazy\" decoding=\"async\" alt=\"Survival Kit - Zestaw Przetrwania\" src=\"http:\/\/adammarczak.com\/_static\/foto\/bushcraft_survival\/survival_kit_zestaw_przetrwania\/survival_apteczka_ik_0006.jpg\" width=\"210\" height=\"141\" \/><\/a><\/td>\n<td align=\"center\" valign=\"middle\"><\/td>\n<td align=\"center\" valign=\"middle\"><\/td>\n<\/tr>\n<\/tbody>\n<\/table>\n<p><strong>03. Gaza ja\u0142owa<\/strong><br \/>\nOpatrywanie wi\u0119kszych ran.<\/p>\n<p>&nbsp;<\/p>\n<table border=\"0\" cellspacing=\"1\" cellpadding=\"1\" align=\"center\">\n<tbody>\n<tr>\n<td align=\"center\" valign=\"middle\"><a href=\"http:\/\/adammarczak.com\/_static\/foto\/bushcraft_survival\/survival_kit_zestaw_przetrwania\/survival_apteczka_0007.jpg\"><img loading=\"lazy\" decoding=\"async\" alt=\"Survival Kit - Zestaw Przetrwania\" src=\"http:\/\/adammarczak.com\/_static\/foto\/bushcraft_survival\/survival_kit_zestaw_przetrwania\/survival_apteczka_ik_0007.jpg\" width=\"210\" height=\"141\" \/><\/a><\/td>\n<td align=\"center\" valign=\"middle\"><\/td>\n<td align=\"center\" valign=\"middle\"><\/td>\n<\/tr>\n<\/tbody>\n<\/table>\n<p><strong>04. Banda\u017c<\/strong><br \/>\nOpatrywanie wi\u0119kszych ran.<\/p>\n<p>&nbsp;<\/p>\n<table border=\"0\" cellspacing=\"1\" cellpadding=\"1\" align=\"center\">\n<tbody>\n<tr>\n<td align=\"center\" valign=\"middle\"><a href=\"http:\/\/adammarczak.com\/_static\/foto\/bushcraft_survival\/survival_kit_zestaw_przetrwania\/survival_apteczka_0008.jpg\"><img loading=\"lazy\" decoding=\"async\" alt=\"Survival Kit - Zestaw Przetrwania\" src=\"http:\/\/adammarczak.com\/_static\/foto\/bushcraft_survival\/survival_kit_zestaw_przetrwania\/survival_apteczka_ik_0008.jpg\" width=\"210\" height=\"141\" \/><\/a><\/td>\n<td align=\"center\" valign=\"middle\"><\/td>\n<td align=\"center\" valign=\"middle\"><\/td>\n<\/tr>\n<\/tbody>\n<\/table>\n<p><strong>05. Chusteczki dezynfekuj\u0105ce<\/strong><br \/>\nPrzemywanie ran, dezynfekcja r\u0105k, narz\u0119dzi.<\/p>\n<p>&nbsp;<\/p>\n<table border=\"0\" cellspacing=\"1\" cellpadding=\"1\" align=\"center\">\n<tbody>\n<tr>\n<td align=\"center\" valign=\"middle\"><a href=\"http:\/\/adammarczak.com\/_static\/foto\/bushcraft_survival\/survival_kit_zestaw_przetrwania\/survival_apteczka_0009.jpg\"><img loading=\"lazy\" decoding=\"async\" alt=\"Survival Kit - Zestaw Przetrwania\" src=\"http:\/\/adammarczak.com\/_static\/foto\/bushcraft_survival\/survival_kit_zestaw_przetrwania\/survival_apteczka_ik_0009.jpg\" width=\"210\" height=\"141\" \/><\/a><\/td>\n<td align=\"center\" valign=\"middle\"><\/td>\n<td align=\"center\" valign=\"middle\"><\/td>\n<\/tr>\n<\/tbody>\n<\/table>\n<p><strong>06. Paski Steri-Strip<\/strong><br \/>\n&#8222;Szycie&#8221; g\u0142\u0119bszych ran.<\/p>\n<p>&nbsp;<\/p>\n<table border=\"0\" cellspacing=\"1\" cellpadding=\"1\" align=\"center\">\n<tbody>\n<tr>\n<td align=\"center\" valign=\"middle\"><a href=\"http:\/\/adammarczak.com\/_static\/foto\/bushcraft_survival\/survival_kit_zestaw_przetrwania\/survival_apteczka_0010.jpg\"><img loading=\"lazy\" decoding=\"async\" alt=\"Survival Kit - Zestaw Przetrwania\" src=\"http:\/\/adammarczak.com\/_static\/foto\/bushcraft_survival\/survival_kit_zestaw_przetrwania\/survival_apteczka_ik_0010.jpg\" width=\"210\" height=\"141\" \/><\/a><\/td>\n<td align=\"center\" valign=\"middle\"><\/td>\n<td align=\"center\" valign=\"middle\"><\/td>\n<\/tr>\n<\/tbody>\n<\/table>\n<p><strong>07. Lek przeciwgor\u0105czkowy\/przeciwzapalny.<\/strong><br \/>\nLek przeciwzapalny i przeciwb\u00f3lowy. W mojej apteczce Ibuprom.<\/p>\n<p>&nbsp;<\/p>\n<table border=\"0\" cellspacing=\"1\" cellpadding=\"1\" align=\"center\">\n<tbody>\n<tr>\n<td align=\"center\" valign=\"middle\"><a href=\"http:\/\/adammarczak.com\/_static\/foto\/bushcraft_survival\/survival_kit_zestaw_przetrwania\/survival_apteczka_0011.jpg\"><img loading=\"lazy\" decoding=\"async\" alt=\"Survival Kit - Zestaw Przetrwania\" src=\"http:\/\/adammarczak.com\/_static\/foto\/bushcraft_survival\/survival_kit_zestaw_przetrwania\/survival_apteczka_ik_0011.jpg\" width=\"210\" height=\"141\" \/><\/a><\/td>\n<td align=\"center\" valign=\"middle\"><\/td>\n<td align=\"center\" valign=\"middle\"><\/td>\n<\/tr>\n<\/tbody>\n<\/table>\n<p><strong>08. Lek przeciwbiegunkowy<\/strong><br \/>\nLek przeciwbiegunkowy w tabletkach &#8211; u mnie Laremid.<\/p>\n<p>&nbsp;<\/p>\n<table border=\"0\" cellspacing=\"1\" cellpadding=\"1\" align=\"center\">\n<tbody>\n<tr>\n<td align=\"center\" valign=\"middle\"><a href=\"http:\/\/adammarczak.com\/_static\/foto\/bushcraft_survival\/survival_kit_zestaw_przetrwania\/survival_apteczka_0013.jpg\"><img loading=\"lazy\" decoding=\"async\" alt=\"Survival Kit - Zestaw Przetrwania\" src=\"http:\/\/adammarczak.com\/_static\/foto\/bushcraft_survival\/survival_kit_zestaw_przetrwania\/survival_apteczka_ik_0013.jpg\" width=\"210\" height=\"141\" \/><\/a><\/td>\n<td align=\"center\" valign=\"middle\"><\/td>\n<td align=\"center\" valign=\"middle\"><\/td>\n<\/tr>\n<\/tbody>\n<\/table>\n<p><strong>09. Nadmanganian potasu<\/strong><br \/>\nOdka\u017canie\/dezynfekcja ran, uzdatnianie wody do picia, rozpalanie ognia.<\/p>\n<p>&nbsp;<\/p>\n<table border=\"0\" cellspacing=\"1\" cellpadding=\"1\" align=\"center\">\n<tbody>\n<tr>\n<td align=\"center\" valign=\"middle\"><a href=\"http:\/\/adammarczak.com\/_static\/foto\/bushcraft_survival\/survival_kit_zestaw_przetrwania\/survival_apteczka_0014.jpg\"><img loading=\"lazy\" decoding=\"async\" alt=\"Survival Kit - Zestaw Przetrwania\" src=\"http:\/\/adammarczak.com\/_static\/foto\/bushcraft_survival\/survival_kit_zestaw_przetrwania\/survival_apteczka_ik_0014.jpg\" width=\"210\" height=\"141\" \/><\/a><\/td>\n<td align=\"center\" valign=\"middle\"><\/td>\n<td align=\"center\" valign=\"middle\"><\/td>\n<\/tr>\n<\/tbody>\n<\/table>\n<p><strong><strong>10. Folia NRC<\/strong><br \/>\n<\/strong>Izolacja cieplna, budowa prowizorycznego schronienia, itp.<\/p>\n<p>&nbsp;<\/p>\n<table border=\"0\" cellspacing=\"1\" cellpadding=\"1\" align=\"center\">\n<tbody>\n<tr>\n<td align=\"center\" valign=\"middle\"><a href=\"http:\/\/adammarczak.com\/_static\/foto\/bushcraft_survival\/survival_kit_zestaw_przetrwania\/survival_apteczka_0015.jpg\"><img loading=\"lazy\" decoding=\"async\" alt=\"Survival Kit - Zestaw Przetrwania\" src=\"http:\/\/adammarczak.com\/_static\/foto\/bushcraft_survival\/survival_kit_zestaw_przetrwania\/survival_apteczka_ik_0015.jpg\" width=\"210\" height=\"141\" \/><\/a><\/td>\n<td align=\"center\" valign=\"middle\"><\/td>\n<td align=\"center\" valign=\"middle\"><\/td>\n<\/tr>\n<\/tbody>\n<\/table>\n<p><strong>11. Torebki foliowe strunowe<\/strong><br \/>\nWszystkie elementy apteczki mam zapakowane w r\u00f3\u017cnej wielko\u015bci torebki strunowe. Stanowi to zabezpieczenie przed wod\u0105 i wilgoci\u0105, a same torebki mo\u017cna te\u017c wykorzysta\u0107 na 1000 sposob\u00f3w, np. jako pojemniki na wod\u0119 czy podpa\u0142k\u0119.<\/p>\n<p>___<\/p>\n<p>Zestaw taki mo\u017cesz sobie skompletowa\u0107 sam lub kupi\u0107 gotowy np. tutaj:<br \/>\n<script type=\"text\/javascript\" src=\"http:\/\/multiprogram.pl\/js\/linkad.js\"><\/script><a class=\"txlink txpos_13906\" href=\"#\">Zestaw Survivalowy<\/a>,<script type=\"text\/javascript\" src=\"http:\/\/multiprogram.pl\/js\/linkad.js\"><\/script><a class=\"txlink txpos_13907\" href=\"#\">Apteczka<\/a><\/p>\n<p>&nbsp;<\/p>\n<p>&nbsp;<\/p>\n","protected":false},"excerpt":{"rendered":"<p>Wi\u0119cej tutaj: Survival kit &#8211; zestaw przetrwania &#8211; co\u015b co warto mie\u0107 zawsze przy sobie &#8222;na wszelki wypadek&#8221;. Komplet ten mo\u017ce te\u017c z powodzeniem s\u0142u\u017cy\u0107 jako zestaw EDC i w moim przypadku to si\u0119 sprawdza. Typowy survival kit to zestaw przedmiot\u00f3w, kt\u00f3re mog\u0105 u\u0142atwi\u0107 prze\u017cycie w ekstremalnie trudnej sytuacji takiej jak np. zgubienie si\u0119 na [&hellip;]<\/p>\n","protected":false},"author":1,"featured_media":0,"parent":116,"menu_order":0,"comment_status":"open","ping_status":"open","template":"","meta":{"footnotes":""},"class_list":["post-98","page","type-page","status-publish","hentry"],"_links":{"self":[{"href":"https:\/\/www.adammarczak.com\/blog\/wp-json\/wp\/v2\/pages\/98","targetHints":{"allow":["GET"]}}],"collection":[{"href":"https:\/\/www.adammarczak.com\/blog\/wp-json\/wp\/v2\/pages"}],"about":[{"href":"https:\/\/www.adammarczak.com\/blog\/wp-json\/wp\/v2\/types\/page"}],"author":[{"embeddable":true,"href":"https:\/\/www.adammarczak.com\/blog\/wp-json\/wp\/v2\/users\/1"}],"replies":[{"embeddable":true,"href":"https:\/\/www.adammarczak.com\/blog\/wp-json\/wp\/v2\/comments?post=98"}],"version-history":[{"count":0,"href":"https:\/\/www.adammarczak.com\/blog\/wp-json\/wp\/v2\/pages\/98\/revisions"}],"up":[{"embeddable":true,"href":"https:\/\/www.adammarczak.com\/blog\/wp-json\/wp\/v2\/pages\/116"}],"wp:attachment":[{"href":"https:\/\/www.adammarczak.com\/blog\/wp-json\/wp\/v2\/media?parent=98"}],"curies":[{"name":"wp","href":"https:\/\/api.w.org\/{rel}","templated":true}]}}